{"id":73,"date":"2014-10-14T02:32:05","date_gmt":"2014-10-14T01:32:05","guid":{"rendered":"http:\/\/agenciazoom.com\/black\/?page_id=73"},"modified":"2016-03-17T13:41:09","modified_gmt":"2016-03-17T12:41:09","slug":"teaser","status":"publish","type":"page","link":"http:\/\/agenciazoom.com\/black\/teaser\/","title":{"rendered":"Teaser"},"content":{"rendered":"<p><iframe loading=\"lazy\" style=\"margin: 0px 0 100px 0;\" src=\"\/\/www.youtube.com\/embed\/f7KslUMh0zA\" width=\"853\" height=\"480\" frameborder=\"0\" allowfullscreen=\"allowfullscreen\"><\/iframe><br \/>\nSAFI&amp;CROSBY es un documental de car\u00e1cter cinematogr\u00e1fico que lleva dos a\u00f1os gest\u00e1ndose. En principio lo titulamos B(L)ACK: VUELVO A CASA pero en seguida nos dimos cuenta que no era la historia que quer\u00edamos contar.<\/p>\n<p>El tiempo, viajar a Mali para conocer a la familia de los protagonistas y la colaboraci\u00f3n de los alumnos de la<a href=\"http:\/\/escoladart.paeria.cat\/\" target=\"_blank\"> Escola d&#8217;Art Municipal de Lleida<\/a> (18-23 a\u00f1os) ha sido fundamental para hacer evolucionar esta historia tanto en forma como en contenido.<\/p>\n<p>Con ellos hemos estado elaborando un taller durante cuatro meses con el objetivo de replantear este documental. El resultado es el Teaser de la parte superior.<\/p>\n<p>Abajo pueden ver el Teaser inicial (2014) para comprobar c\u00f3mo hemos ido modificando el punto de vista, estilos y discurso de este trabajo.<\/p>\n<p><iframe loading=\"lazy\" style=\"margin: 0px 0 100px 0;\" src=\"\/\/www.youtube.com\/embed\/gACExtX-YxI\" width=\"853\" height=\"480\" frameborder=\"0\" allowfullscreen=\"allowfullscreen\"><\/iframe><\/p>\n","protected":false},"excerpt":{"rendered":"<p>SAFI&amp;CROSBY es un documental de car\u00e1cter cinematogr\u00e1fico que lleva dos a\u00f1os gest\u00e1ndose. En principio lo&#8230;<\/p>\n<div class=\"more-link-wrapper\"><a class=\"more-link\" href=\"http:\/\/agenciazoom.com\/black\/teaser\/\">Leer la entrada<span class=\"screen-reader-text\">Teaser<\/span><\/a><\/div>\n","protected":false},"author":1,"featured_media":0,"parent":0,"menu_order":3,"comment_status":"open","ping_status":"closed","template":"","meta":{"footnotes":""},"class_list":["post-73","page","type-page","status-publish","hentry","excerpt","zoom","full-without-featured","even","excerpt-0"],"_links":{"self":[{"href":"http:\/\/agenciazoom.com\/black\/wp-json\/wp\/v2\/pages\/73","targetHints":{"allow":["GET"]}}],"collection":[{"href":"http:\/\/agenciazoom.com\/black\/wp-json\/wp\/v2\/pages"}],"about":[{"href":"http:\/\/agenciazoom.com\/black\/wp-json\/wp\/v2\/types\/page"}],"author":[{"embeddable":true,"href":"http:\/\/agenciazoom.com\/black\/wp-json\/wp\/v2\/users\/1"}],"replies":[{"embeddable":true,"href":"http:\/\/agenciazoom.com\/black\/wp-json\/wp\/v2\/comments?post=73"}],"version-history":[{"count":30,"href":"http:\/\/agenciazoom.com\/black\/wp-json\/wp\/v2\/pages\/73\/revisions"}],"predecessor-version":[{"id":293,"href":"http:\/\/agenciazoom.com\/black\/wp-json\/wp\/v2\/pages\/73\/revisions\/293"}],"wp:attachment":[{"href":"http:\/\/agenciazoom.com\/black\/wp-json\/wp\/v2\/media?parent=73"}],"curies":[{"name":"wp","href":"https:\/\/api.w.org\/{rel}","templated":true}]}}