{"id":71,"date":"2014-10-14T02:29:41","date_gmt":"2014-10-14T02:29:41","guid":{"rendered":"http:\/\/agenciazoom.com\/black\/?page_id=71"},"modified":"2016-02-20T22:15:36","modified_gmt":"2016-02-20T21:15:36","slug":"estilo-y-cronograma","status":"publish","type":"page","link":"http:\/\/agenciazoom.com\/black\/estilo-y-cronograma\/","title":{"rendered":"Estilo y cronograma"},"content":{"rendered":"<h3>Estilo<\/h3>\n<p><strong>SAFI&amp;CROSBY<\/strong>\u00a0es una historia de reencuentro entre un padre y una hija despu\u00e9s diez a\u00f1os sin verse. El estilo ser\u00e1 sincero y directo. Hu\u00edmos del t\u00e9rmino \u00ab\u00edntimo\u00bb porque delante de una c\u00e1mara todo es p\u00fablico. Nos conformaremos con que sea \u00abverdadero\u00bb. A nivel t\u00e9cnico, \u00abveradero\u00bb significa que predominiar\u00e1 mucho el plano-seq\u00fcencia incorporando planos subjetivos realizados con un tel\u00e9fono inteligente por parte de la hija.<\/p>\n<p><strong>SAFI&amp;CROSBY<\/strong> tambi\u00e9n es el re-descubrimiento de \u00c1frica a trav\u00e9s de los ojos de una adolescente (18 a\u00f1os) y de un se\u00f1or que lleva 35 a\u00f1os viviendo en L\u00e9rida. Por lo tanto es una \u00abcelebraci\u00f3n\u00bb y, como tal, el tono de esta pel\u00edcula ser\u00e1 divertidoy con much\u00edsimo ritmo (estamos en \u00c1frica).<\/p>\n<p>Estamos seguros que por la fuerza de los dos personajes principales (padre e hija), y las situaciones que vivir\u00e1n juntos,<strong>SAFI&amp;CROSBY<\/strong>\u00a0estar\u00e1 mucho m\u00e1s cerca de la com\u00e9dia que del drama.<\/p>\n<h3>Cronograma<\/h3>\n<p><strong>1ero y 2o mes:<\/strong> preproducci\u00f3n<br \/>\n<strong>3er y 4arto mes:<\/strong> realizaci\u00f3n<br \/>\n<strong>4arto, 5o y 6o mes:<\/strong> postproducci\u00f3n<br \/>\n<strong>1 d\u00eda:<\/strong> entrega de m\u00e1ster<\/p>\n<p><img loading=\"lazy\" decoding=\"async\" class=\"aligncenter wp-image-135 size-full\" src=\"http:\/\/agenciazoom.com\/black\/wp-content\/uploads\/ruta.jpg\" alt=\"ruta\" width=\"1200\" height=\"900\" srcset=\"http:\/\/agenciazoom.com\/black\/wp-content\/uploads\/ruta.jpg 1200w, http:\/\/agenciazoom.com\/black\/wp-content\/uploads\/ruta-300x225.jpg 300w, http:\/\/agenciazoom.com\/black\/wp-content\/uploads\/ruta-1024x768.jpg 1024w, http:\/\/agenciazoom.com\/black\/wp-content\/uploads\/ruta-466x350.jpg 466w\" sizes=\"auto, (max-width: 1200px) 100vw, 1200px\" \/><\/p>\n","protected":false},"excerpt":{"rendered":"<p>Estilo SAFI&amp;CROSBY\u00a0es una historia de reencuentro entre un padre y una hija despu\u00e9s diez a\u00f1os&#8230;<\/p>\n<div class=\"more-link-wrapper\"><a class=\"more-link\" href=\"http:\/\/agenciazoom.com\/black\/estilo-y-cronograma\/\">Leer la entrada<span class=\"screen-reader-text\">Estilo y cronograma<\/span><\/a><\/div>\n","protected":false},"author":1,"featured_media":263,"parent":0,"menu_order":4,"comment_status":"open","ping_status":"open","template":"","meta":{"footnotes":""},"class_list":["post-71","page","type-page","status-publish","has-post-thumbnail","hentry","excerpt","zoom","full-without-featured","even","excerpt-0"],"_links":{"self":[{"href":"http:\/\/agenciazoom.com\/black\/wp-json\/wp\/v2\/pages\/71","targetHints":{"allow":["GET"]}}],"collection":[{"href":"http:\/\/agenciazoom.com\/black\/wp-json\/wp\/v2\/pages"}],"about":[{"href":"http:\/\/agenciazoom.com\/black\/wp-json\/wp\/v2\/types\/page"}],"author":[{"embeddable":true,"href":"http:\/\/agenciazoom.com\/black\/wp-json\/wp\/v2\/users\/1"}],"replies":[{"embeddable":true,"href":"http:\/\/agenciazoom.com\/black\/wp-json\/wp\/v2\/comments?post=71"}],"version-history":[{"count":8,"href":"http:\/\/agenciazoom.com\/black\/wp-json\/wp\/v2\/pages\/71\/revisions"}],"predecessor-version":[{"id":268,"href":"http:\/\/agenciazoom.com\/black\/wp-json\/wp\/v2\/pages\/71\/revisions\/268"}],"wp:featuredmedia":[{"embeddable":true,"href":"http:\/\/agenciazoom.com\/black\/wp-json\/wp\/v2\/media\/263"}],"wp:attachment":[{"href":"http:\/\/agenciazoom.com\/black\/wp-json\/wp\/v2\/media?parent=71"}],"curies":[{"name":"wp","href":"https:\/\/api.w.org\/{rel}","templated":true}]}}