{"id":145,"date":"2014-10-14T12:51:39","date_gmt":"2014-10-14T11:51:39","guid":{"rendered":"http:\/\/agenciazoom.com\/black\/?page_id=145"},"modified":"2016-02-22T14:21:02","modified_gmt":"2016-02-22T13:21:02","slug":"referencias","status":"publish","type":"page","link":"http:\/\/agenciazoom.com\/black\/referencias\/","title":{"rendered":"Referencias"},"content":{"rendered":"<p>Documentar es ense\u00f1ar. Y antes de ense\u00f1ar nos llenamos de referencias. Aqu\u00ed va una selecci\u00f3n de lo que nos gusta. A buen seguro que <strong>SAFY&amp;CROSBY<\/strong> beber\u00e1n de ellas:<\/p>\n<p>El tratamiento de los personajes de \u00abEl gran Lewosky\u00bb y los paisajes de \u00abGatopardo\u00bb<\/p>\n<p>La honradez de <a href=\"https:\/\/www.youtube.com\/watch?v=5MRQIJ1NgH8\" target=\"_blank\">Tumbukt\u00fa<\/a><\/p>\n<p>El punto de vista de <a href=\"https:\/\/www.youtube.com\/watch?v=BuE98oeL-e0\" target=\"_blank\">Castfish<\/a> combiando con la la narraci\u00f3n de <a href=\"https:\/\/vimeo.com\/117720135\" target=\"_blank\">Vestida de Negro<\/a><\/p>\n<p>El metalenguaje de <a href=\"https:\/\/www.youtube.com\/watch?v=fa_VEK41dOs\" target=\"_blank\">Mapa<\/a>\u00a0y los virales de <a href=\"https:\/\/www.facebook.com\/PlayGroundMag\/\" target=\"_blank\">Playground<\/a><\/p>\n<p>El uso de la c\u00e1mara en mano de <a href=\"https:\/\/www.youtube.com\/watch?v=J7D4-pKSNuQ\" target=\"_blank\">Redacted<\/a>\u00a0pero tambi\u00e9n lo directo que es <a href=\"https:\/\/www.youtube.com\/watch?v=ZozLHZFEblY\" target=\"_blank\">Zuker<\/a><\/p>\n<p>Todo Tarantino<\/p>\n<p>La m\u00fasica de <a href=\"https:\/\/www.youtube.com\/watch?v=HqlDve4FTV8\" target=\"_blank\">Shongai<\/a> y de <a href=\"http:\/\/www.sopitas.com\/584534-damon-albarn-mali-rey-local\/\" target=\"_blank\">Demon Albarn<\/a>. Adoramos a <a href=\"https:\/\/www.google.es\/search?q=Alpha+Blondy&amp;oq=Alpha+Blondy&amp;aqs=chrome..69i57j0l5.4039j0j4&amp;sourceid=chrome&amp;es_sm=91&amp;ie=UTF-8\" target=\"_blank\">Alpha Blondy<\/a> y <a href=\"https:\/\/www.youtube.com\/watch?v=8mjQ1i5V7qA\" target=\"_blank\">James Brown<\/a><\/p>\n<p>Lo sorprendente que es\u00a0<a href=\"https:\/\/www.youtube.com\/watch?v=4sfhvxTZ0wo&amp;list=RD4sfhvxTZ0wo#t=0\" target=\"_blank\">NIck Kave<\/a> y <a href=\"http:\/\/www.afropunk.com\/\" target=\"_blank\">Afropunk<\/a><\/p>\n<p>Las fotos de <a href=\"http:\/\/paoladegrenet.com\/\" target=\"_blank\">Paola de Granet<\/a> y la revsita <a href=\"https:\/\/www.facebook.com\/REVISTA-EWAISO-113654198667613\/?fref=ts\" target=\"_blank\">Ewaiso<\/a>\u00a0y <a href=\"http:\/\/www.revistamongolia.com\/\" target=\"_blank\">Mongolia<\/a><\/p>\n<p>Y, claro, nuestro documentales anteriores basados en historias como \u00e9sta:<\/p>\n<p><a href=\"http:\/\/www.agenciazoom.com\/web\/video\/el-viaje-de-mazin\/\" target=\"_blank\">El Viaje de Mazin<\/a>\u00a0y\u00a0<a href=\"http:\/\/www.agenciazoom.com\/web\/video\/la-boda-de-rita\/\" target=\"_blank\">La boda de Rita<\/a><\/p>\n<p>&nbsp;<\/p>\n<p>&nbsp;<\/p>\n<p>&nbsp;<\/p>\n<p>&nbsp;<\/p>\n","protected":false},"excerpt":{"rendered":"<p>Documentar es ense\u00f1ar. Y antes de ense\u00f1ar nos llenamos de referencias. Aqu\u00ed va una selecci\u00f3n&#8230;<\/p>\n<div class=\"more-link-wrapper\"><a class=\"more-link\" href=\"http:\/\/agenciazoom.com\/black\/referencias\/\">Leer la entrada<span class=\"screen-reader-text\">Referencias<\/span><\/a><\/div>\n","protected":false},"author":1,"featured_media":266,"parent":0,"menu_order":1,"comment_status":"open","ping_status":"open","template":"","meta":{"footnotes":""},"class_list":["post-145","page","type-page","status-publish","has-post-thumbnail","hentry","excerpt","zoom","full-without-featured","even","excerpt-0"],"_links":{"self":[{"href":"http:\/\/agenciazoom.com\/black\/wp-json\/wp\/v2\/pages\/145","targetHints":{"allow":["GET"]}}],"collection":[{"href":"http:\/\/agenciazoom.com\/black\/wp-json\/wp\/v2\/pages"}],"about":[{"href":"http:\/\/agenciazoom.com\/black\/wp-json\/wp\/v2\/types\/page"}],"author":[{"embeddable":true,"href":"http:\/\/agenciazoom.com\/black\/wp-json\/wp\/v2\/users\/1"}],"replies":[{"embeddable":true,"href":"http:\/\/agenciazoom.com\/black\/wp-json\/wp\/v2\/comments?post=145"}],"version-history":[{"count":10,"href":"http:\/\/agenciazoom.com\/black\/wp-json\/wp\/v2\/pages\/145\/revisions"}],"predecessor-version":[{"id":289,"href":"http:\/\/agenciazoom.com\/black\/wp-json\/wp\/v2\/pages\/145\/revisions\/289"}],"wp:featuredmedia":[{"embeddable":true,"href":"http:\/\/agenciazoom.com\/black\/wp-json\/wp\/v2\/media\/266"}],"wp:attachment":[{"href":"http:\/\/agenciazoom.com\/black\/wp-json\/wp\/v2\/media?parent=145"}],"curies":[{"name":"wp","href":"https:\/\/api.w.org\/{rel}","templated":true}]}}